{"id":576,"date":"2018-05-20T15:50:24","date_gmt":"2018-05-20T15:50:24","guid":{"rendered":"http:\/\/molidepomeri.com\/product\/salsa-rosa-del-himalaya\/"},"modified":"2018-05-31T13:46:26","modified_gmt":"2018-05-31T13:46:26","slug":"sal-rosa-de-lhimalaia","status":"publish","type":"product","link":"https:\/\/molidepomeri.com\/ca\/producte\/sal-rosa-de-lhimalaia\/","title":{"rendered":"Sal Rosa De l\u2019Him\u00e0laia"},"content":{"rendered":"<p>Extreta de l\u2019interior de la muntanya de l\u2019Him\u00e0laia, on va sedimentar fa m\u00e9s de 200 milions d\u2019anys, aquesta sal \u00e9s d\u2019una extraordin\u00e0ria puresa.<\/p>\n","protected":false},"excerpt":{"rendered":"<p>Sal marina, un aut\u00e8ntic llegat del mar primitiu, que encara que comen\u00e7a a entrar en les nostres cuines, \u00e9s ben coneguda a l\u2019orient lluny\u00e0 com a font d\u2019energia curativa. Actualment \u00e9s la sal energ\u00e8tica m\u00e9s complerta que coneixem, on destaquen oligoelements com: calci, potassi, magnesi i ferro. La gran qualitat d\u2019aquesta sal: la seva textura cruixent i el seu delicat sabor i aroma, la fan molt preuada a les cuines dels grans Xefs. \u00c9s un condiment d\u2019alt valor nutricional, adient per tot tipus de plats, com carns, peixos, verdures, amanides, foie&#8230;<\/p>\n","protected":false},"featured_media":78,"comment_status":"open","ping_status":"closed","template":"","meta":[],"product_cat":[39,40],"product_tag":[],"_links":{"self":[{"href":"https:\/\/molidepomeri.com\/ca\/wp-json\/wp\/v2\/product\/576"}],"collection":[{"href":"https:\/\/molidepomeri.com\/ca\/wp-json\/wp\/v2\/product"}],"about":[{"href":"https:\/\/molidepomeri.com\/ca\/wp-json\/wp\/v2\/types\/product"}],"replies":[{"embeddable":true,"href":"https:\/\/molidepomeri.com\/ca\/wp-json\/wp\/v2\/comments?post=576"}],"wp:featuredmedia":[{"embeddable":true,"href":"https:\/\/molidepomeri.com\/ca\/wp-json\/wp\/v2\/media\/78"}],"wp:attachment":[{"href":"https:\/\/molidepomeri.com\/ca\/wp-json\/wp\/v2\/media?parent=576"}],"wp:term":[{"taxonomy":"product_cat","embeddable":true,"href":"https:\/\/molidepomeri.com\/ca\/wp-json\/wp\/v2\/product_cat?post=576"},{"taxonomy":"product_tag","embeddable":true,"href":"https:\/\/molidepomeri.com\/ca\/wp-json\/wp\/v2\/product_tag?post=576"}],"curies":[{"name":"wp","href":"https:\/\/api.w.org\/{rel}","templated":true}]}}