{"id":580,"date":"2018-05-20T16:20:27","date_gmt":"2018-05-20T16:20:27","guid":{"rendered":"http:\/\/molidepomeri.com\/product\/ketchup-eco\/"},"modified":"2023-04-10T21:17:07","modified_gmt":"2023-04-10T21:17:07","slug":"ketchup-eco","status":"publish","type":"product","link":"https:\/\/molidepomeri.com\/ca\/producte\/ketchup-eco\/","title":{"rendered":"Ketchup ECO"},"content":{"rendered":"<p>\u00a1Aquestes sales no necessiten presentaci\u00f3!<\/p>\n<p>Per\u00f2 el que les fa especials \u00e9s que s\u00f3n fetes amb ingredients ecol\u00f2gics amb el que preservem l&#8217;ambient.<\/p>\n<p>El nostre desig \u00e9s que els agradi tant com a nosaltres ens ha agradat fer-les!<\/p>\n","protected":false},"excerpt":{"rendered":"<h3>Descripci\u00f3<\/h3>\n<p id=\"tw-target-text\" class=\"tw-data-text tw-text-large tw-ta\" dir=\"ltr\" data-placeholder=\"Translation\"><span class=\"Y2IQFc\" lang=\"ca\">\u00c9s una salsa molt utilitzada en patates fregides, hamburgueses i gossets, aix\u00ed com en carns a la graella.<\/span><\/p>\n<h3>Ingredients<\/h3>\n<p>Tom\u00e0quet *, aigua, vinagre de sidra *, xarop d&#8217;atzavara *, sal marina i goma xantana.<\/p>\n<p>(*) Ingredients procedents de cultiu ecol\u00f2gic<\/p>\n<h3 id=\"tw-target-text\" class=\"tw-data-text tw-text-large tw-ta\" dir=\"ltr\" data-placeholder=\"Translation\"><span class=\"Y2IQFc\" lang=\"ca\">Presentaci\u00f3<\/span><\/h3>\n<p class=\"tw-data-text tw-text-large tw-ta\" dir=\"ltr\" data-placeholder=\"Translation\"><span class=\"Y2IQFc\" lang=\"ca\">Format disponible: 275 g.<\/span><\/p>\n<h3>Usos:<\/h3>\n<p><img loading=\"lazy\" class=\"alignnone size-full wp-image-84\" src=\"http:\/\/molidepomeri.com\/wp-content\/uploads\/2018\/05\/para-aves-rustidos.gif\" alt=\"Para aves y rustidos\" width=\"65\" height=\"63\" \/> <img loading=\"lazy\" class=\"alignnone size-full wp-image-87\" src=\"http:\/\/molidepomeri.com\/wp-content\/uploads\/2018\/05\/para-carnes-y-brasa.gif\" alt=\"Para carnes y brasas\" width=\"65\" height=\"63\" \/> <img loading=\"lazy\" class=\"alignnone size-full wp-image-105\" src=\"http:\/\/molidepomeri.com\/wp-content\/uploads\/2018\/05\/para-verduras-hortalizas.gif\" alt=\"Para Verduras y Hortalizas\" width=\"65\" height=\"63\" \/> <img loading=\"lazy\" class=\"alignnone size-full wp-image-96\" src=\"http:\/\/molidepomeri.com\/wp-content\/uploads\/2018\/05\/para-pastas.gif\" alt=\"Para Pastas\" width=\"65\" height=\"63\" \/><\/p>\n","protected":false},"featured_media":885,"comment_status":"open","ping_status":"closed","template":"","meta":[],"product_cat":[43,44],"product_tag":[],"_links":{"self":[{"href":"https:\/\/molidepomeri.com\/ca\/wp-json\/wp\/v2\/product\/580"}],"collection":[{"href":"https:\/\/molidepomeri.com\/ca\/wp-json\/wp\/v2\/product"}],"about":[{"href":"https:\/\/molidepomeri.com\/ca\/wp-json\/wp\/v2\/types\/product"}],"replies":[{"embeddable":true,"href":"https:\/\/molidepomeri.com\/ca\/wp-json\/wp\/v2\/comments?post=580"}],"wp:featuredmedia":[{"embeddable":true,"href":"https:\/\/molidepomeri.com\/ca\/wp-json\/wp\/v2\/media\/885"}],"wp:attachment":[{"href":"https:\/\/molidepomeri.com\/ca\/wp-json\/wp\/v2\/media?parent=580"}],"wp:term":[{"taxonomy":"product_cat","embeddable":true,"href":"https:\/\/molidepomeri.com\/ca\/wp-json\/wp\/v2\/product_cat?post=580"},{"taxonomy":"product_tag","embeddable":true,"href":"https:\/\/molidepomeri.com\/ca\/wp-json\/wp\/v2\/product_tag?post=580"}],"curies":[{"name":"wp","href":"https:\/\/api.w.org\/{rel}","templated":true}]}}