{"id":582,"date":"2018-05-20T16:18:48","date_gmt":"2018-05-20T16:18:48","guid":{"rendered":"http:\/\/molidepomeri.com\/product\/pesto-eco\/"},"modified":"2023-04-10T21:23:55","modified_gmt":"2023-04-10T21:23:55","slug":"pesto-eco","status":"publish","type":"product","link":"https:\/\/molidepomeri.com\/ca\/producte\/pesto-eco\/","title":{"rendered":"Pesto ECO"},"content":{"rendered":"","protected":false},"excerpt":{"rendered":"<h3>Descripci\u00f3<\/h3>\n<p>Salsa italiana a base d&#8217;alf\u00e0brega, pinyons, all i oli d&#8217;oliva verge extra. Arom\u00e0tica i de gust accentuat, es pot utilitzar en qualsevol tipus de pasta.<\/p>\n<h3>Aplicaci\u00f3<\/h3>\n<p>A la pasta italiana. Tamb\u00e9 \u00e9s delici\u00f3s amb patates cuites o rostides. D\u00f3na un toc exquisit a sopes de vegetals, peixos i verdures.<\/p>\n<h3>Ingredients<\/h3>\n<p>Oli d&#8217;oliva verge extra *, aigua, pinyons *, ametlles *, all * alf\u00e0brega *, sal marina i vinagre de vi blanc de ra\u00efm de cultiu ecol\u00f2gic *.<\/p>\n<p>(*) Ingredients procedents de cultiu ecol\u00f2gic<\/p>\n<h3>PRESENTACI\u00d3<\/h3>\n<p>Format disponible: 140 g.<\/p>\n<h3>Usos:<\/h3>\n<p><img loading=\"lazy\" class=\"alignnone size-full wp-image-96\" src=\"http:\/\/molidepomeri.com\/wp-content\/uploads\/2018\/05\/para-pastas.gif\" alt=\"Para Pastas\" width=\"65\" height=\"63\" \/> <img loading=\"lazy\" class=\"alignnone wp-image-99\" src=\"http:\/\/molidepomeri.com\/wp-content\/uploads\/2018\/05\/para-pescados.gif\" alt=\"Para Pescados\" width=\"65\" height=\"63\" \/> <img loading=\"lazy\" class=\"alignnone size-full wp-image-105\" src=\"http:\/\/molidepomeri.com\/wp-content\/uploads\/2018\/05\/para-verduras-hortalizas.gif\" alt=\"Para Verduras y Hortalizas\" width=\"65\" height=\"63\" \/> <img loading=\"lazy\" class=\"alignnone size-full wp-image-90\" src=\"http:\/\/molidepomeri.com\/wp-content\/uploads\/2018\/05\/para-ensaladas-crudites.gif\" alt=\"Para ensaladas y Crudites\" width=\"60\" height=\"59\" \/><\/p>\n","protected":false},"featured_media":125,"comment_status":"open","ping_status":"closed","template":"","meta":[],"product_cat":[43,44],"product_tag":[],"_links":{"self":[{"href":"https:\/\/molidepomeri.com\/ca\/wp-json\/wp\/v2\/product\/582"}],"collection":[{"href":"https:\/\/molidepomeri.com\/ca\/wp-json\/wp\/v2\/product"}],"about":[{"href":"https:\/\/molidepomeri.com\/ca\/wp-json\/wp\/v2\/types\/product"}],"replies":[{"embeddable":true,"href":"https:\/\/molidepomeri.com\/ca\/wp-json\/wp\/v2\/comments?post=582"}],"wp:featuredmedia":[{"embeddable":true,"href":"https:\/\/molidepomeri.com\/ca\/wp-json\/wp\/v2\/media\/125"}],"wp:attachment":[{"href":"https:\/\/molidepomeri.com\/ca\/wp-json\/wp\/v2\/media?parent=582"}],"wp:term":[{"taxonomy":"product_cat","embeddable":true,"href":"https:\/\/molidepomeri.com\/ca\/wp-json\/wp\/v2\/product_cat?post=582"},{"taxonomy":"product_tag","embeddable":true,"href":"https:\/\/molidepomeri.com\/ca\/wp-json\/wp\/v2\/product_tag?post=582"}],"curies":[{"name":"wp","href":"https:\/\/api.w.org\/{rel}","templated":true}]}}