{"id":584,"date":"2018-05-20T16:16:25","date_gmt":"2018-05-20T16:16:25","guid":{"rendered":"http:\/\/molidepomeri.com\/product\/romesco-eco\/"},"modified":"2023-04-10T21:40:07","modified_gmt":"2023-04-10T21:40:07","slug":"romesco-eco","status":"publish","type":"product","link":"https:\/\/molidepomeri.com\/ca\/producte\/romesco-eco\/","title":{"rendered":"Romesco ECO"},"content":{"rendered":"<p id=\"tw-target-text\" class=\"tw-data-text tw-text-large tw-ta\" dir=\"ltr\" data-placeholder=\"Translation\"><span class=\"Y2IQFc\" lang=\"ca\">Salsa t\u00edpica de la gastronomia catalana i Mediterr\u00e0nia, concretament de Tarragona. Per a carns i peixos a la brasa. Tot tipus de verdures a la planxa, els cl\u00e0ssics Cal\u00e7ots Base per a guisats.<\/span><\/p>\n","protected":false},"excerpt":{"rendered":"<h3>Descripci\u00f3<\/h3>\n<p id=\"tw-target-text\" class=\"tw-data-text tw-text-large tw-ta\" dir=\"ltr\" data-placeholder=\"Translation\"><span class=\"Y2IQFc\" lang=\"ca\">Salsa t\u00edpica de la gastronomia catalana i Mediterr\u00e0nia, concretament de Tarragona. Per a carns i peixos a la brasa. Tot tipus de verdures a la planxa, els cl\u00e0ssics Cal\u00e7ots Base per a guisats.<\/span><\/p>\n<h3>Aplicaci\u00f3<\/h3>\n<p>\u00c9s una salsa indicada per a peixos, podent-se utilitzar per a carns a la brasa, patates, vegetals cuits o verdures fresques. Es pot allargar amb oli d&#8217;oliva o tom\u00e0quet escalivat.<\/p>\n<h3>Ingredients<\/h3>\n<p>Tom\u00e0quet *, aigua, oli d&#8217;oliva verge extra *, ceba *, vinagre de vi blanc de ra\u00efm de cultiu ecol\u00f2gic *, avellana *, ametlla *, pa ratllat *, pebre vermell dol\u00e7 *, sal marina, all * i pebre vermell picant *.<\/p>\n<p>(*) Ingredients procedents de cultiu ecol\u00f2gic<\/p>\n<h3>PRESENTACI\u00d3<\/h3>\n<p>Format disponible: 140 g.<\/p>\n<h3>Usos:<\/h3>\n<p><img loading=\"lazy\" class=\"alignnone wp-image-99\" src=\"http:\/\/molidepomeri.com\/wp-content\/uploads\/2018\/05\/para-pescados.gif\" alt=\"Para Pescados\" width=\"65\" height=\"63\" \/> <img loading=\"lazy\" class=\"alignnone size-full wp-image-105\" src=\"http:\/\/molidepomeri.com\/wp-content\/uploads\/2018\/05\/para-verduras-hortalizas.gif\" alt=\"Para Verduras y Hortalizas\" width=\"65\" height=\"63\" \/> <img loading=\"lazy\" class=\"alignnone size-full wp-image-102\" src=\"http:\/\/molidepomeri.com\/wp-content\/uploads\/2018\/05\/para-untar.gif\" alt=\"Para Untar\" width=\"60\" height=\"59\" \/><\/p>\n","protected":false},"featured_media":121,"comment_status":"open","ping_status":"closed","template":"","meta":[],"product_cat":[43,44],"product_tag":[],"_links":{"self":[{"href":"https:\/\/molidepomeri.com\/ca\/wp-json\/wp\/v2\/product\/584"}],"collection":[{"href":"https:\/\/molidepomeri.com\/ca\/wp-json\/wp\/v2\/product"}],"about":[{"href":"https:\/\/molidepomeri.com\/ca\/wp-json\/wp\/v2\/types\/product"}],"replies":[{"embeddable":true,"href":"https:\/\/molidepomeri.com\/ca\/wp-json\/wp\/v2\/comments?post=584"}],"wp:featuredmedia":[{"embeddable":true,"href":"https:\/\/molidepomeri.com\/ca\/wp-json\/wp\/v2\/media\/121"}],"wp:attachment":[{"href":"https:\/\/molidepomeri.com\/ca\/wp-json\/wp\/v2\/media?parent=584"}],"wp:term":[{"taxonomy":"product_cat","embeddable":true,"href":"https:\/\/molidepomeri.com\/ca\/wp-json\/wp\/v2\/product_cat?post=584"},{"taxonomy":"product_tag","embeddable":true,"href":"https:\/\/molidepomeri.com\/ca\/wp-json\/wp\/v2\/product_tag?post=584"}],"curies":[{"name":"wp","href":"https:\/\/api.w.org\/{rel}","templated":true}]}}