{"id":593,"date":"2018-05-20T16:45:29","date_gmt":"2018-05-20T16:45:29","guid":{"rendered":"http:\/\/molidepomeri.com\/product\/chimi-churri\/"},"modified":"2023-04-10T20:49:12","modified_gmt":"2023-04-10T20:49:12","slug":"chimi-churri","status":"publish","type":"product","link":"https:\/\/molidepomeri.com\/ca\/producte\/chimi-churri\/","title":{"rendered":"Chimi churri"},"content":{"rendered":"<p>Saborosa salsa picant d\u2019origen argent\u00ed, que combina perfectament amb la \u201ctira\u201d de carn a la brasa o costelles de vedella tallades i fetes a la manera argentina (Xurrasco). Es poden marinar aus i peixos, o b\u00e9 servir-los directament amb la carn. Tamb\u00e9 s\u2019utilitza per amanir diferents plats. S\u2019allarga amb oli d\u2019oliva i vinagre de vi negre.<\/p>\n","protected":false},"excerpt":{"rendered":"<h3>Aplicaci\u00f3<\/h3>\n<p id=\"tw-target-text\" class=\"tw-data-text tw-text-large tw-ta\" dir=\"ltr\" data-placeholder=\"Translation\"><span class=\"Y2IQFc\" lang=\"ca\">Salsa de proced\u00e8ncia Uruguaiana-Argentina. T\u00edpica salsa per acompanyar tota mena de carns sobretot a la brasa. Tamb\u00e9 per acompanyar verdures a la brasa.<\/span><\/p>\n<h3>Ingredients<\/h3>\n<p>Oli d\u2019Oliva (57%), aigua, vinagre de vi Cabernet Sauvignon (13%), ceba, pebrot vermell, suc de llimona, orenga, julivert, all, sal i esp\u00e8cies.<\/p>\n<h3>Presentaci\u00f3<\/h3>\n<p>Format: 240 g<\/p>\n<h3>Usos:<\/h3>\n<p><img loading=\"lazy\" class=\"alignnone size-full wp-image-87\" src=\"http:\/\/molidepomeri.com\/wp-content\/uploads\/2018\/05\/para-carnes-y-brasa.gif\" alt=\"Para carnes y brasas\" width=\"65\" height=\"63\" \/> <img loading=\"lazy\" class=\"alignnone wp-image-99\" src=\"http:\/\/molidepomeri.com\/wp-content\/uploads\/2018\/05\/para-pescados.gif\" alt=\"Para Pescados\" width=\"65\" height=\"63\" \/><\/p>\n","protected":false},"featured_media":896,"comment_status":"open","ping_status":"closed","template":"","meta":[],"product_cat":[47,48],"product_tag":[],"_links":{"self":[{"href":"https:\/\/molidepomeri.com\/ca\/wp-json\/wp\/v2\/product\/593"}],"collection":[{"href":"https:\/\/molidepomeri.com\/ca\/wp-json\/wp\/v2\/product"}],"about":[{"href":"https:\/\/molidepomeri.com\/ca\/wp-json\/wp\/v2\/types\/product"}],"replies":[{"embeddable":true,"href":"https:\/\/molidepomeri.com\/ca\/wp-json\/wp\/v2\/comments?post=593"}],"wp:featuredmedia":[{"embeddable":true,"href":"https:\/\/molidepomeri.com\/ca\/wp-json\/wp\/v2\/media\/896"}],"wp:attachment":[{"href":"https:\/\/molidepomeri.com\/ca\/wp-json\/wp\/v2\/media?parent=593"}],"wp:term":[{"taxonomy":"product_cat","embeddable":true,"href":"https:\/\/molidepomeri.com\/ca\/wp-json\/wp\/v2\/product_cat?post=593"},{"taxonomy":"product_tag","embeddable":true,"href":"https:\/\/molidepomeri.com\/ca\/wp-json\/wp\/v2\/product_tag?post=593"}],"curies":[{"name":"wp","href":"https:\/\/api.w.org\/{rel}","templated":true}]}}