{"id":599,"date":"2018-05-20T16:42:19","date_gmt":"2018-05-20T16:42:19","guid":{"rendered":"http:\/\/molidepomeri.com\/product\/salsa-pimiento-de-piquillo\/"},"modified":"2018-05-31T14:19:49","modified_gmt":"2018-05-31T14:19:49","slug":"salsa-pimiento-de-piquillo","status":"publish","type":"product","link":"https:\/\/molidepomeri.com\/ca\/producte\/salsa-pimiento-de-piquillo\/","title":{"rendered":"Salsa Pimiento de Piquillo"},"content":{"rendered":"<p>Amb Carnosos pebrots escalivats de Navarra, recollits en el seu just moment, elaborem una salsa rica i saborosa. Ideal per guisar i acabar plats.<\/p>\n","protected":false},"excerpt":{"rendered":"<h3>Aplicaci\u00f3<\/h3>\n<p>Amb l&#8217;incisiu gust d&#8217;un pebrot espec\u00edfic de Navarra, aquesta salsa es pot fer servir directament o afegint-hi oli o formatge. Tamb\u00e9 serveix per cuinar peix, bacall\u00e0, patates, pasta, arrossos i posar a amanides i vinagretes.<\/p>\n<h3>Ingredients<\/h3>\n<p>Tomaquet natural, Pebrots del Piquillo (33%), Oli d&#8217;oliva (5%), ceba, sal i esp\u00e8cies.<\/p>\n<h3>Presentaci\u00f3<\/h3>\n<p>Formats disponibles: 212 ml.<\/p>\n","protected":false},"featured_media":172,"comment_status":"open","ping_status":"closed","template":"","meta":[],"product_cat":[47,48],"product_tag":[],"_links":{"self":[{"href":"https:\/\/molidepomeri.com\/ca\/wp-json\/wp\/v2\/product\/599"}],"collection":[{"href":"https:\/\/molidepomeri.com\/ca\/wp-json\/wp\/v2\/product"}],"about":[{"href":"https:\/\/molidepomeri.com\/ca\/wp-json\/wp\/v2\/types\/product"}],"replies":[{"embeddable":true,"href":"https:\/\/molidepomeri.com\/ca\/wp-json\/wp\/v2\/comments?post=599"}],"wp:featuredmedia":[{"embeddable":true,"href":"https:\/\/molidepomeri.com\/ca\/wp-json\/wp\/v2\/media\/172"}],"wp:attachment":[{"href":"https:\/\/molidepomeri.com\/ca\/wp-json\/wp\/v2\/media?parent=599"}],"wp:term":[{"taxonomy":"product_cat","embeddable":true,"href":"https:\/\/molidepomeri.com\/ca\/wp-json\/wp\/v2\/product_cat?post=599"},{"taxonomy":"product_tag","embeddable":true,"href":"https:\/\/molidepomeri.com\/ca\/wp-json\/wp\/v2\/product_tag?post=599"}],"curies":[{"name":"wp","href":"https:\/\/api.w.org\/{rel}","templated":true}]}}