{"id":601,"date":"2018-05-20T16:41:32","date_gmt":"2018-05-20T16:41:32","guid":{"rendered":"http:\/\/molidepomeri.com\/product\/romesco\/"},"modified":"2023-04-10T19:20:24","modified_gmt":"2023-04-10T19:20:24","slug":"romesco","status":"publish","type":"product","link":"https:\/\/molidepomeri.com\/ca\/producte\/romesco\/","title":{"rendered":"Romesco"},"content":{"rendered":"<p>Amb les ametlles i avellanes torrades de Reus, elaborem aquesta salsa tradicional Tarragonina. Excel\u00b7lent per amanir hortalisses, guisar o acabar plats de peixos i marisc.<\/p>\n","protected":false},"excerpt":{"rendered":"<h3>Descripci\u00f3:<\/h3>\n<p id=\"tw-target-text\" class=\"tw-data-text tw-text-large tw-ta\" dir=\"ltr\" data-placeholder=\"Translation\"><span class=\"Y2IQFc\" lang=\"ca\">Salsa t\u00edpica de la gastronomia catalana i Mediterr\u00e0nia, concretament de Tarragona. Per a carns i peixos a la brasa. Tot tipus de verdures a la planxa, els cl\u00e0ssics Cal\u00e7ots. Base per a guisats.<\/span><\/p>\n<h3>Aplicaci\u00f3:<\/h3>\n<p>\u00danica com a acompanyament de peix i marisc, i de bacall\u00e0, aix\u00ed com de llegums i hortalisses. S&#8217;allarga amb oli d&#8217;oliva o tom\u00e0quet escalivat. Es pot combinar amb el SOFREGIT o la PICADA.<\/p>\n<h3>Ingredients:<\/h3>\n<p>Oli d&#8217;oliva (38%), tom\u00e0quet natural, Fruits secs (ametlles i avellanes) (13%), vinagre de chardonnay, all, esp\u00e8cies, pa ratllat de farina de blat i sal.<\/p>\n<h3>Presentaci\u00f3:<\/h3>\n<p>Formats disponibles:\u00a0<span style=\"font-weight: 400;\">90 g \u2013 185 g -400 g &#8211; 930 g<\/span><\/p>\n<p><br style=\"font-weight: 400;\" \/><br style=\"font-weight: 400;\" \/><\/p>\n<h3>Usos:<\/h3>\n<p><img loading=\"lazy\" class=\"alignnone size-full wp-image-105\" src=\"http:\/\/molidepomeri.com\/wp-content\/uploads\/2018\/05\/para-verduras-hortalizas.gif\" alt=\"Para Verduras y Hortalizas\" width=\"65\" height=\"63\" \/> <img loading=\"lazy\" class=\"alignnone wp-image-99\" src=\"http:\/\/molidepomeri.com\/wp-content\/uploads\/2018\/05\/para-pescados.gif\" alt=\"Para Pescados\" width=\"65\" height=\"63\" \/> <img loading=\"lazy\" class=\"alignnone size-full wp-image-102\" src=\"http:\/\/molidepomeri.com\/wp-content\/uploads\/2018\/05\/para-untar.gif\" alt=\"Para Untar\" width=\"60\" height=\"59\" \/><\/p>\n","protected":false},"featured_media":168,"comment_status":"open","ping_status":"closed","template":"","meta":[],"product_cat":[47,48],"product_tag":[],"_links":{"self":[{"href":"https:\/\/molidepomeri.com\/ca\/wp-json\/wp\/v2\/product\/601"}],"collection":[{"href":"https:\/\/molidepomeri.com\/ca\/wp-json\/wp\/v2\/product"}],"about":[{"href":"https:\/\/molidepomeri.com\/ca\/wp-json\/wp\/v2\/types\/product"}],"replies":[{"embeddable":true,"href":"https:\/\/molidepomeri.com\/ca\/wp-json\/wp\/v2\/comments?post=601"}],"wp:featuredmedia":[{"embeddable":true,"href":"https:\/\/molidepomeri.com\/ca\/wp-json\/wp\/v2\/media\/168"}],"wp:attachment":[{"href":"https:\/\/molidepomeri.com\/ca\/wp-json\/wp\/v2\/media?parent=601"}],"wp:term":[{"taxonomy":"product_cat","embeddable":true,"href":"https:\/\/molidepomeri.com\/ca\/wp-json\/wp\/v2\/product_cat?post=601"},{"taxonomy":"product_tag","embeddable":true,"href":"https:\/\/molidepomeri.com\/ca\/wp-json\/wp\/v2\/product_tag?post=601"}],"curies":[{"name":"wp","href":"https:\/\/api.w.org\/{rel}","templated":true}]}}