{"id":603,"date":"2018-05-20T16:40:02","date_gmt":"2018-05-20T16:40:02","guid":{"rendered":"http:\/\/molidepomeri.com\/product\/alioli\/"},"modified":"2023-04-10T19:23:08","modified_gmt":"2023-04-10T19:23:08","slug":"alioli","status":"publish","type":"product","link":"https:\/\/molidepomeri.com\/ca\/producte\/alioli\/","title":{"rendered":"Alioli"},"content":{"rendered":"<p>Una de les salses m\u00e9s antigues (els egipcis ja l&#8217;elaboraven) i m\u00e9s t\u00edpiques de la cuina mediterr\u00e0nia. Oferim una elaboraci\u00f3 natural amb alls. Per a tot tipus de carns, peixos, amanides i verdures.<\/p>\n","protected":false},"excerpt":{"rendered":"<h3>Descripci\u00f3:<\/h3>\n<p id=\"tw-target-text\" class=\"tw-data-text tw-text-large tw-ta\" dir=\"ltr\" data-placeholder=\"Translation\"><span class=\"Y2IQFc\" lang=\"ca\">Acompanyant de tot tipus de carns (sobretot a la brasa), peixos, amanides, verdures i pa torrat.<\/span><\/p>\n<h3>Aplicaci\u00f3:<\/h3>\n<p>Acompanya peixos i marisc, bacall\u00e0, carns a la brasa (conill, pollastre&#8230;), verdures i llegums bullits o saltats, patates, amanides i pa torrat. El nostre allioli es pot allargar amb brou o salsa de cocci\u00f3, i aix\u00ed obtenim &#8220;allioli negat&#8221;, excel\u00b7lent en els suquets i guisats de peix o de carn i en sopes de peix.<\/p>\n<h3>Ingredients:<\/h3>\n<p>Oli d&#8217;oliva, all i sal.<\/p>\n<h3>Presentaci\u00f3:<\/h3>\n<p>Formats disponibles: <span style=\"font-weight: 400;\">90 g &#8211; 185 g &#8211; 900 g<\/span><\/p>\n<h3>Usos:<\/h3>\n<p><img loading=\"lazy\" class=\"alignnone size-full wp-image-105\" src=\"http:\/\/molidepomeri.com\/wp-content\/uploads\/2018\/05\/para-verduras-hortalizas.gif\" alt=\"Para Verduras y Hortalizas\" width=\"65\" height=\"63\" \/> <img loading=\"lazy\" class=\"alignnone size-full wp-image-102\" src=\"http:\/\/molidepomeri.com\/wp-content\/uploads\/2018\/05\/para-untar.gif\" alt=\"Para Untar\" width=\"60\" height=\"59\" \/> <img loading=\"lazy\" class=\"alignnone size-full wp-image-96\" src=\"http:\/\/molidepomeri.com\/wp-content\/uploads\/2018\/05\/para-pastas.gif\" alt=\"Para Pastas\" width=\"65\" height=\"63\" \/> <img loading=\"lazy\" class=\"alignnone wp-image-99\" src=\"http:\/\/molidepomeri.com\/wp-content\/uploads\/2018\/05\/para-pescados.gif\" alt=\"Para Pescados\" width=\"65\" height=\"63\" \/> <img loading=\"lazy\" class=\"alignnone size-full wp-image-90\" src=\"http:\/\/molidepomeri.com\/wp-content\/uploads\/2018\/05\/para-ensaladas-crudites.gif\" alt=\"Para ensaladas y Crudites\" width=\"60\" height=\"59\" \/> <img loading=\"lazy\" class=\"alignnone size-full wp-image-87\" src=\"http:\/\/molidepomeri.com\/wp-content\/uploads\/2018\/05\/para-carnes-y-brasa.gif\" alt=\"Para carnes y brasas\" width=\"65\" height=\"63\" \/> <img loading=\"lazy\" class=\"alignnone size-full wp-image-84\" src=\"http:\/\/molidepomeri.com\/wp-content\/uploads\/2018\/05\/para-aves-rustidos.gif\" alt=\"Para aves y rustidos\" width=\"65\" height=\"63\" \/><\/p>\n","protected":false},"featured_media":164,"comment_status":"open","ping_status":"closed","template":"","meta":[],"product_cat":[47,48],"product_tag":[],"_links":{"self":[{"href":"https:\/\/molidepomeri.com\/ca\/wp-json\/wp\/v2\/product\/603"}],"collection":[{"href":"https:\/\/molidepomeri.com\/ca\/wp-json\/wp\/v2\/product"}],"about":[{"href":"https:\/\/molidepomeri.com\/ca\/wp-json\/wp\/v2\/types\/product"}],"replies":[{"embeddable":true,"href":"https:\/\/molidepomeri.com\/ca\/wp-json\/wp\/v2\/comments?post=603"}],"wp:featuredmedia":[{"embeddable":true,"href":"https:\/\/molidepomeri.com\/ca\/wp-json\/wp\/v2\/media\/164"}],"wp:attachment":[{"href":"https:\/\/molidepomeri.com\/ca\/wp-json\/wp\/v2\/media?parent=603"}],"wp:term":[{"taxonomy":"product_cat","embeddable":true,"href":"https:\/\/molidepomeri.com\/ca\/wp-json\/wp\/v2\/product_cat?post=603"},{"taxonomy":"product_tag","embeddable":true,"href":"https:\/\/molidepomeri.com\/ca\/wp-json\/wp\/v2\/product_tag?post=603"}],"curies":[{"name":"wp","href":"https:\/\/api.w.org\/{rel}","templated":true}]}}