{"id":605,"date":"2018-05-20T16:32:16","date_gmt":"2018-05-20T16:32:16","guid":{"rendered":"http:\/\/molidepomeri.com\/product\/salsas-base-para-profesionales\/"},"modified":"2018-05-31T14:26:30","modified_gmt":"2018-05-31T14:26:30","slug":"salses-base-per-a-professionals","status":"publish","type":"product","link":"https:\/\/molidepomeri.com\/ca\/producte\/salses-base-per-a-professionals\/","title":{"rendered":"Salses Base Per A Professionals"},"content":{"rendered":"","protected":false},"excerpt":{"rendered":"<p>ROMESCO, XAT\u00d3, OLIVADA, PESTO, BOLONYESA i SOFREGIT Les salses Mol\u00ed de Pomer\u00ed porten molts anys, demostrant dia rera dia, ser les aliades m\u00e9s vers\u00e0tils tant de la cuina moderna com de la tradicional. Ara, per m\u00e9s gran comoditat i estalvi, Mol\u00ed de Pomer\u00ed ofereix dos nous formats de 440 ml i de 965 ml per a professionals de la restauraci\u00f3. SALSES MOL\u00cd DE POMER\u00cd: EL MILLOR GUST PER A LA SEVA CUINA.<\/p>\n","protected":false},"featured_media":160,"comment_status":"open","ping_status":"closed","template":"","meta":[],"product_cat":[47,51],"product_tag":[],"_links":{"self":[{"href":"https:\/\/molidepomeri.com\/ca\/wp-json\/wp\/v2\/product\/605"}],"collection":[{"href":"https:\/\/molidepomeri.com\/ca\/wp-json\/wp\/v2\/product"}],"about":[{"href":"https:\/\/molidepomeri.com\/ca\/wp-json\/wp\/v2\/types\/product"}],"replies":[{"embeddable":true,"href":"https:\/\/molidepomeri.com\/ca\/wp-json\/wp\/v2\/comments?post=605"}],"wp:featuredmedia":[{"embeddable":true,"href":"https:\/\/molidepomeri.com\/ca\/wp-json\/wp\/v2\/media\/160"}],"wp:attachment":[{"href":"https:\/\/molidepomeri.com\/ca\/wp-json\/wp\/v2\/media?parent=605"}],"wp:term":[{"taxonomy":"product_cat","embeddable":true,"href":"https:\/\/molidepomeri.com\/ca\/wp-json\/wp\/v2\/product_cat?post=605"},{"taxonomy":"product_tag","embeddable":true,"href":"https:\/\/molidepomeri.com\/ca\/wp-json\/wp\/v2\/product_tag?post=605"}],"curies":[{"name":"wp","href":"https:\/\/api.w.org\/{rel}","templated":true}]}}