{"id":607,"date":"2018-05-20T16:30:37","date_gmt":"2018-05-20T16:30:37","guid":{"rendered":"http:\/\/molidepomeri.com\/product\/pesto\/"},"modified":"2018-05-31T14:28:59","modified_gmt":"2018-05-31T14:28:59","slug":"pesto","status":"publish","type":"product","link":"https:\/\/molidepomeri.com\/ca\/producte\/pesto\/","title":{"rendered":"Pesto"},"content":{"rendered":"<p>Coneguda salsa italiana a base d&#8217;oli d&#8217;oliva, pinyons, all i alf\u00e0brega. Arom\u00e0tica i de gust potent, \u00e9s ideal per a qualsevol tipus de pasta, per acompanyar peixos i enriquir sopes i verdures.<\/p>\n","protected":false},"excerpt":{"rendered":"<h3>Descripci\u00f3:<\/h3>\n<p>Arom\u00e0tica salsa italiana amb un gust d&#8217;alf\u00e0brega fresca<\/p>\n<h3>Aplicaci\u00f3:<\/h3>\n<p>Cl\u00e0ssic acompanyament de la pasta, sola o combinada amb patates i mongetes tendres bullides, aix\u00ed com dels &#8220;nyoquis&#8221; de patata. D\u00f3na un toc exquisit a les sopes de verdures, al peix i a les hortalisses. S&#8217;allarga amb oli d&#8217;oliva, all picat, formatge ratllat parmes\u00e0 o formatge d&#8217;ovella. Pot aromatitzar, d&#8217;una forma diferent, el SOFREGIT o la PICADA.<\/p>\n<h3>Ingredients:<\/h3>\n<p>Oli d&#8217;oliva , alf\u00e0brega fresca, fruits secs (ametlles i pinyons),sal, all i vinagre de chardonnay.<\/p>\n<h3>Presentaci\u00f3:<\/h3>\n<p>Formats disponibles: 212 i 440 ml.<\/p>\n","protected":false},"featured_media":156,"comment_status":"open","ping_status":"closed","template":"","meta":[],"product_cat":[47,53],"product_tag":[],"_links":{"self":[{"href":"https:\/\/molidepomeri.com\/ca\/wp-json\/wp\/v2\/product\/607"}],"collection":[{"href":"https:\/\/molidepomeri.com\/ca\/wp-json\/wp\/v2\/product"}],"about":[{"href":"https:\/\/molidepomeri.com\/ca\/wp-json\/wp\/v2\/types\/product"}],"replies":[{"embeddable":true,"href":"https:\/\/molidepomeri.com\/ca\/wp-json\/wp\/v2\/comments?post=607"}],"wp:featuredmedia":[{"embeddable":true,"href":"https:\/\/molidepomeri.com\/ca\/wp-json\/wp\/v2\/media\/156"}],"wp:attachment":[{"href":"https:\/\/molidepomeri.com\/ca\/wp-json\/wp\/v2\/media?parent=607"}],"wp:term":[{"taxonomy":"product_cat","embeddable":true,"href":"https:\/\/molidepomeri.com\/ca\/wp-json\/wp\/v2\/product_cat?post=607"},{"taxonomy":"product_tag","embeddable":true,"href":"https:\/\/molidepomeri.com\/ca\/wp-json\/wp\/v2\/product_tag?post=607"}],"curies":[{"name":"wp","href":"https:\/\/api.w.org\/{rel}","templated":true}]}}