{"id":609,"date":"2018-05-20T16:29:33","date_gmt":"2018-05-20T16:29:33","guid":{"rendered":"http:\/\/molidepomeri.com\/product\/salsa-setas\/"},"modified":"2018-05-31T14:30:56","modified_gmt":"2018-05-31T14:30:56","slug":"salsa-bolets","status":"publish","type":"product","link":"https:\/\/molidepomeri.com\/ca\/producte\/salsa-bolets\/","title":{"rendered":"Salsa Bolets"},"content":{"rendered":"<p>Amb una selecci\u00f3 acurada de bolets de la Mediterr\u00e0nia, el millor tracte i una estricta manipulaci\u00f3, es crea una salsa de gust suau. Apropiada per a pastes, arrossos, guisats i per acabar plats.<\/p>\n","protected":false},"excerpt":{"rendered":"<h3>Descripci\u00f3:<\/h3>\n<p>Gust suau de bolets salvatges, a l&#8217;estil de les delicades salses de la cuina italiana.<\/p>\n<h3>Aplicaci\u00f3:<\/h3>\n<p>Guarneix tot tipus de carn, especialment vedella i bou, fregida, a la brasa o a la planxa, i hamburgueses. Per a peixos blaus o de gust marcat i pa torrat. Base per elaborar arom\u00e0tics arrossos i plats de pasta. S&#8217;allarga amb crema de llet o brou. Es pot combinar amb el SOFREGIT o la PICADA.<\/p>\n<h3>Ingredients:<\/h3>\n<p>Bolets,ceba, Oli d&#8217;oliva,all, sal i esp\u00e8cies.<\/p>\n<h3>Presentaci\u00f3:<\/h3>\n<p>Formats disponibles: 212 ml.<\/p>\n","protected":false},"featured_media":152,"comment_status":"open","ping_status":"closed","template":"","meta":[],"product_cat":[47,53],"product_tag":[],"_links":{"self":[{"href":"https:\/\/molidepomeri.com\/ca\/wp-json\/wp\/v2\/product\/609"}],"collection":[{"href":"https:\/\/molidepomeri.com\/ca\/wp-json\/wp\/v2\/product"}],"about":[{"href":"https:\/\/molidepomeri.com\/ca\/wp-json\/wp\/v2\/types\/product"}],"replies":[{"embeddable":true,"href":"https:\/\/molidepomeri.com\/ca\/wp-json\/wp\/v2\/comments?post=609"}],"wp:featuredmedia":[{"embeddable":true,"href":"https:\/\/molidepomeri.com\/ca\/wp-json\/wp\/v2\/media\/152"}],"wp:attachment":[{"href":"https:\/\/molidepomeri.com\/ca\/wp-json\/wp\/v2\/media?parent=609"}],"wp:term":[{"taxonomy":"product_cat","embeddable":true,"href":"https:\/\/molidepomeri.com\/ca\/wp-json\/wp\/v2\/product_cat?post=609"},{"taxonomy":"product_tag","embeddable":true,"href":"https:\/\/molidepomeri.com\/ca\/wp-json\/wp\/v2\/product_tag?post=609"}],"curies":[{"name":"wp","href":"https:\/\/api.w.org\/{rel}","templated":true}]}}