{"id":611,"date":"2018-05-20T16:27:41","date_gmt":"2018-05-20T16:27:41","guid":{"rendered":"http:\/\/molidepomeri.com\/product\/tapenada\/"},"modified":"2018-05-31T14:34:35","modified_gmt":"2018-05-31T14:34:35","slug":"tapenada","status":"publish","type":"product","link":"https:\/\/molidepomeri.com\/ca\/producte\/tapenada\/","title":{"rendered":"Tapenada"},"content":{"rendered":"<p>El potent gust de les anxoves de la mediterr\u00e0nia i les olives del Baix Arag\u00f3 componen aquesta salsa de gust intens. Ideal per acompanyar torrades i amanides.<\/p>\n","protected":false},"excerpt":{"rendered":"<h3>Descripci\u00f3:<\/h3>\n<p>D&#8217;origen proven\u00e7al, la tapenada \u00e9s una elaboraci\u00f3 t\u00edpicament mediterr\u00e0nia, amb la pres\u00e8ncia de productes tan emblem\u00e0tics com les t\u00e0peres, les anxoves i l&#8217;oli d&#8217;oliva.<\/p>\n<h3>Aplicaci\u00f3:<\/h3>\n<p>Excel\u00b7lent com a entrant. Per untar damunt del pa o les torrades. Molt bona per acompanyar plats de verdures, de pasta o per guarnir vedella a la planxa. S&#8217;allarga amb oli d&#8217;oliva i es pot combinar amb CAVIAR D&#8217;ALBERGINIA i amb PICADA.<\/p>\n<h3>Ingredients:<\/h3>\n<p>Oliva del Baix Arag\u00f3, Oli d&#8217;oliva, anxoves, t\u00e0peres, pa ratllat de farina de blat, vinagre de Chardonnay, mostassa i brandy.<\/p>\n<h3>Presentaci\u00f3:<\/h3>\n<p>Formats disponibles: 212 ml.<\/p>\n<h3>Usos:<\/h3>\n<p><img loading=\"lazy\" class=\"alignnone size-full wp-image-87\" src=\"http:\/\/molidepomeri.com\/wp-content\/uploads\/2018\/05\/para-carnes-y-brasa.gif\" alt=\"Para carnes y brasas\" width=\"65\" height=\"63\" \/> <img loading=\"lazy\" class=\"alignnone size-full wp-image-105\" src=\"http:\/\/molidepomeri.com\/wp-content\/uploads\/2018\/05\/para-verduras-hortalizas.gif\" alt=\"Para Verduras y Hortalizas\" width=\"65\" height=\"63\" \/> <img loading=\"lazy\" class=\"alignnone size-full wp-image-102\" src=\"http:\/\/molidepomeri.com\/wp-content\/uploads\/2018\/05\/para-untar.gif\" alt=\"Para Untar\" width=\"60\" height=\"59\" \/> <img loading=\"lazy\" class=\"alignnone size-full wp-image-96\" src=\"http:\/\/molidepomeri.com\/wp-content\/uploads\/2018\/05\/para-pastas.gif\" alt=\"Para Pastas\" width=\"65\" height=\"63\" \/><\/p>\n","protected":false},"featured_media":148,"comment_status":"open","ping_status":"closed","template":"","meta":[],"product_cat":[47,56],"product_tag":[],"_links":{"self":[{"href":"https:\/\/molidepomeri.com\/ca\/wp-json\/wp\/v2\/product\/611"}],"collection":[{"href":"https:\/\/molidepomeri.com\/ca\/wp-json\/wp\/v2\/product"}],"about":[{"href":"https:\/\/molidepomeri.com\/ca\/wp-json\/wp\/v2\/types\/product"}],"replies":[{"embeddable":true,"href":"https:\/\/molidepomeri.com\/ca\/wp-json\/wp\/v2\/comments?post=611"}],"wp:featuredmedia":[{"embeddable":true,"href":"https:\/\/molidepomeri.com\/ca\/wp-json\/wp\/v2\/media\/148"}],"wp:attachment":[{"href":"https:\/\/molidepomeri.com\/ca\/wp-json\/wp\/v2\/media?parent=611"}],"wp:term":[{"taxonomy":"product_cat","embeddable":true,"href":"https:\/\/molidepomeri.com\/ca\/wp-json\/wp\/v2\/product_cat?post=611"},{"taxonomy":"product_tag","embeddable":true,"href":"https:\/\/molidepomeri.com\/ca\/wp-json\/wp\/v2\/product_tag?post=611"}],"curies":[{"name":"wp","href":"https:\/\/api.w.org\/{rel}","templated":true}]}}