{"id":613,"date":"2018-05-20T16:25:01","date_gmt":"2018-05-20T16:25:01","guid":{"rendered":"http:\/\/molidepomeri.com\/product\/olivada\/"},"modified":"2023-04-10T19:25:30","modified_gmt":"2023-04-10T19:25:30","slug":"olivada","status":"publish","type":"product","link":"https:\/\/molidepomeri.com\/ca\/producte\/olivada\/","title":{"rendered":"Olivada"},"content":{"rendered":"<p>Una suau pasta extreta de les olives negres de la varietat Empeltre del Baix Arag\u00f3 i oli d&#8217;oliva. Un element tradicional de la nostra cuina, molt original en vinagretes i per acabar plats de la cuina actual.<\/p>\n","protected":false},"excerpt":{"rendered":"<h3>Descripci\u00f3<\/h3>\n<p id=\"tw-target-text\" class=\"tw-data-text tw-text-large tw-ta\" dir=\"ltr\" data-placeholder=\"Translation\"><span class=\"Y2IQFc\" lang=\"ca\">Com a aperitiu sobre pa. Per cuinar peix. Com a condiment de llegums frescos. Bon acompanyant de tota mena de formatges. Es pot allargar amb oli d\u02bboliva.<\/span><\/p>\n<h3>Aplicaci\u00f3<\/h3>\n<p>Com a aperitiu, damunt de pa o torrades t\u00e8bies, pa gratinat i pizzes. Excel\u00b7lent amb crudit\u00e9s i hortalisses com l&#8217;api, les patates, els llegums frescos. Combina amb els formatges. S&#8217;allarga amb oli d&#8217;oliva, anxoves o t\u00e0peres picades i suc de llimona. Pot acompanyar plats de peix o de tall rod\u00f3 de vedella fred. D\u00f3na un toc especial a d&#8217;altres salses, com el SOFREGIT o la PICADA.<\/p>\n<h3>Ingredients<\/h3>\n<p>Oliva negra del Baix Arag\u00f3 i Oli d&#8217;oliva.<\/p>\n<h3>Formats<\/h3>\n<p>Formats disponibles: <span style=\"font-weight: 400;\">90 g &#8211; 185 g \u2013 400g &#8211; 900 g<\/span><\/p>\n<h3>Usos:<\/h3>\n<p><img loading=\"lazy\" class=\"alignnone size-full wp-image-105\" src=\"http:\/\/molidepomeri.com\/wp-content\/uploads\/2018\/05\/para-verduras-hortalizas.gif\" alt=\"Para Verduras y Hortalizas\" width=\"65\" height=\"63\" \/> <img loading=\"lazy\" class=\"alignnone size-full wp-image-96\" src=\"http:\/\/molidepomeri.com\/wp-content\/uploads\/2018\/05\/para-pastas.gif\" alt=\"Para Pastas\" width=\"65\" height=\"63\" \/> <img loading=\"lazy\" class=\"alignnone size-full wp-image-102\" src=\"http:\/\/molidepomeri.com\/wp-content\/uploads\/2018\/05\/para-untar.gif\" alt=\"Para Untar\" width=\"60\" height=\"59\" \/> <img loading=\"lazy\" class=\"alignnone size-full wp-image-90\" src=\"http:\/\/molidepomeri.com\/wp-content\/uploads\/2018\/05\/para-ensaladas-crudites.gif\" alt=\"Para ensaladas y Crudites\" width=\"60\" height=\"59\" \/><\/p>\n","protected":false},"featured_media":144,"comment_status":"open","ping_status":"closed","template":"","meta":[],"product_cat":[47,56],"product_tag":[],"_links":{"self":[{"href":"https:\/\/molidepomeri.com\/ca\/wp-json\/wp\/v2\/product\/613"}],"collection":[{"href":"https:\/\/molidepomeri.com\/ca\/wp-json\/wp\/v2\/product"}],"about":[{"href":"https:\/\/molidepomeri.com\/ca\/wp-json\/wp\/v2\/types\/product"}],"replies":[{"embeddable":true,"href":"https:\/\/molidepomeri.com\/ca\/wp-json\/wp\/v2\/comments?post=613"}],"wp:featuredmedia":[{"embeddable":true,"href":"https:\/\/molidepomeri.com\/ca\/wp-json\/wp\/v2\/media\/144"}],"wp:attachment":[{"href":"https:\/\/molidepomeri.com\/ca\/wp-json\/wp\/v2\/media?parent=613"}],"wp:term":[{"taxonomy":"product_cat","embeddable":true,"href":"https:\/\/molidepomeri.com\/ca\/wp-json\/wp\/v2\/product_cat?post=613"},{"taxonomy":"product_tag","embeddable":true,"href":"https:\/\/molidepomeri.com\/ca\/wp-json\/wp\/v2\/product_tag?post=613"}],"curies":[{"name":"wp","href":"https:\/\/api.w.org\/{rel}","templated":true}]}}