{"id":615,"date":"2018-05-20T16:24:27","date_gmt":"2018-05-20T16:24:27","guid":{"rendered":"http:\/\/molidepomeri.com\/product\/salsa-xato\/"},"modified":"2018-05-31T14:38:19","modified_gmt":"2018-05-31T14:38:19","slug":"salsa-xato","status":"publish","type":"product","link":"https:\/\/molidepomeri.com\/ca\/producte\/salsa-xato\/","title":{"rendered":"Salsa Xat\u00f3"},"content":{"rendered":"<p>Un punt de vinagre de Chardonnay, ametlles i avellanes de Reus, tom\u00e0quet natural i oli d&#8217;oliva, conformen els principals ingredients. Ideal per a tota mena de &#8220;crudit\u00e9s&#8221;, verdures, empedrats i carns d&#8217;olla.<\/p>\n","protected":false},"excerpt":{"rendered":"<h3>Descripci\u00f3<\/h3>\n<p>T\u00e8 un gust dominant d&#8217;ametlles i avellanes, sense picant. \u00c9s, potser, la m\u00e9s famosa de les salses d&#8217;amanida i, a les comarques del Garraf, el Pened\u00e8s, el Tarragon\u00e8s etc., constitueix una aut\u00e8ntica tradici\u00f3.<\/p>\n<h3>Aplicaci\u00f3<\/h3>\n<p>Com a amaniment de la xatonada, de l&#8217;escarola i de tota mena de crudit\u00e9s i verdures. Excel\u00b7lent en les esqueixades i empedrats i amb la carn d&#8217;olla. S&#8217;allarga amb oli d&#8217;oliva. Pot donar un to diferent a d&#8217;altres salses o plats, com el SOFREGIT o la PICADA.<\/p>\n<h3>Ingredients<\/h3>\n<p>Oli d&#8217;oliva, tom\u00e0quet natural, fruits secs (ametlles i avellanes), pa ratllat de farina de blat, esp\u00e8cies, vinagre de chardonnay, ceba i sal.<\/p>\n<h3>Presentaci\u00f3<\/h3>\n<p>Formats disponibles: 212 i 440 ml.<\/p>\n<h3>Usos:<\/h3>\n<p><img loading=\"lazy\" class=\"alignnone size-full wp-image-105\" src=\"http:\/\/molidepomeri.com\/wp-content\/uploads\/2018\/05\/para-verduras-hortalizas.gif\" alt=\"Para Verduras y Hortalizas\" width=\"65\" height=\"63\" \/> <img loading=\"lazy\" class=\"alignnone size-full wp-image-90\" src=\"http:\/\/molidepomeri.com\/wp-content\/uploads\/2018\/05\/para-ensaladas-crudites.gif\" alt=\"Para ensaladas y Crudites\" width=\"60\" height=\"59\" \/> <img loading=\"lazy\" class=\"alignnone size-full wp-image-93\" src=\"http:\/\/molidepomeri.com\/wp-content\/uploads\/2018\/05\/para-guisados-acabados-platos.gif\" alt=\"Para guisados y acabados de platos\" width=\"65\" height=\"63\" \/><\/p>\n","protected":false},"featured_media":137,"comment_status":"open","ping_status":"closed","template":"","meta":[],"product_cat":[47,56],"product_tag":[],"_links":{"self":[{"href":"https:\/\/molidepomeri.com\/ca\/wp-json\/wp\/v2\/product\/615"}],"collection":[{"href":"https:\/\/molidepomeri.com\/ca\/wp-json\/wp\/v2\/product"}],"about":[{"href":"https:\/\/molidepomeri.com\/ca\/wp-json\/wp\/v2\/types\/product"}],"replies":[{"embeddable":true,"href":"https:\/\/molidepomeri.com\/ca\/wp-json\/wp\/v2\/comments?post=615"}],"wp:featuredmedia":[{"embeddable":true,"href":"https:\/\/molidepomeri.com\/ca\/wp-json\/wp\/v2\/media\/137"}],"wp:attachment":[{"href":"https:\/\/molidepomeri.com\/ca\/wp-json\/wp\/v2\/media?parent=615"}],"wp:term":[{"taxonomy":"product_cat","embeddable":true,"href":"https:\/\/molidepomeri.com\/ca\/wp-json\/wp\/v2\/product_cat?post=615"},{"taxonomy":"product_tag","embeddable":true,"href":"https:\/\/molidepomeri.com\/ca\/wp-json\/wp\/v2\/product_tag?post=615"}],"curies":[{"name":"wp","href":"https:\/\/api.w.org\/{rel}","templated":true}]}}