{"id":596,"date":"2018-05-20T16:44:15","date_gmt":"2018-05-20T16:44:15","guid":{"rendered":"http:\/\/molidepomeri.com\/product\/salsa-calcots\/"},"modified":"2023-04-12T19:57:00","modified_gmt":"2023-04-12T19:57:00","slug":"calcots-sauce","status":"publish","type":"product","link":"https:\/\/molidepomeri.com\/en\/product\/calcots-sauce\/","title":{"rendered":"Cal\u00e7ots Sauce"},"content":{"rendered":"<p>The cal\u00e7ot comes from the seed of a young white onion and is especially cultivated to be roasted over a flame: Our cal\u00e7ot sauce is the perfect accompaniment.<\/p>\n","protected":false},"excerpt":{"rendered":"<h3>Description<\/h3>\n<p id=\"tw-target-text\" class=\"tw-data-text tw-text-large tw-ta\" dir=\"ltr\" data-placeholder=\"Translation\"><span class=\"Y2IQFc\" lang=\"en\">Essential for the typical cal\u00e7ots. Excellent with all kinds of grilled or boiled vegetables, spring onions or asparagus.<\/span><\/p>\n<h3>Recommended use:<\/h3>\n<p>Essential with cal\u00e7ots. Excellent with all kinds of boiled or grilled vegetables, asparagus, young onions, etc. It can be thinned with olive oil.<\/p>\n<h3>Ingredients<\/h3>\n<p>Fresh tomatoes, olive oil, nuts (almonds and hazelnuts), breadcrumbs made from bread with wheat flour, spices, Chardonnay vinegar, garlic and salt.<\/p>\n<h3>Presentation<\/h3>\n<p>Format:<\/p>\n<p id=\"tw-target-text\" class=\"tw-data-text tw-text-large tw-ta\" dir=\"ltr\" data-placeholder=\"Translation\"><span class=\"Y2IQFc\" lang=\"en\">400g \u2013 900g<\/span><\/p>\n<h3>Uses:<\/h3>\n<p><img loading=\"lazy\" class=\"alignleft size-full wp-image-102\" src=\"http:\/\/molidepomeri.com\/wp-content\/uploads\/2018\/05\/para-untar.gif\" alt=\"Para Untar\" width=\"60\" height=\"59\" \/> <img loading=\"lazy\" class=\"alignleft size-full wp-image-105\" src=\"http:\/\/molidepomeri.com\/wp-content\/uploads\/2018\/05\/para-verduras-hortalizas.gif\" alt=\"Para Verduras y Hortalizas\" width=\"65\" height=\"63\" \/> <img loading=\"lazy\" class=\"alignleft size-full wp-image-90\" src=\"http:\/\/molidepomeri.com\/wp-content\/uploads\/2018\/05\/para-ensaladas-crudites.gif\" alt=\"Para ensaladas y Crudites\" width=\"60\" height=\"59\" \/><\/p>\n","protected":false},"featured_media":900,"comment_status":"open","ping_status":"closed","template":"","meta":[],"product_cat":[49,50],"product_tag":[],"_links":{"self":[{"href":"https:\/\/molidepomeri.com\/en\/wp-json\/wp\/v2\/product\/596"}],"collection":[{"href":"https:\/\/molidepomeri.com\/en\/wp-json\/wp\/v2\/product"}],"about":[{"href":"https:\/\/molidepomeri.com\/en\/wp-json\/wp\/v2\/types\/product"}],"replies":[{"embeddable":true,"href":"https:\/\/molidepomeri.com\/en\/wp-json\/wp\/v2\/comments?post=596"}],"wp:featuredmedia":[{"embeddable":true,"href":"https:\/\/molidepomeri.com\/en\/wp-json\/wp\/v2\/media\/900"}],"wp:attachment":[{"href":"https:\/\/molidepomeri.com\/en\/wp-json\/wp\/v2\/media?parent=596"}],"wp:term":[{"taxonomy":"product_cat","embeddable":true,"href":"https:\/\/molidepomeri.com\/en\/wp-json\/wp\/v2\/product_cat?post=596"},{"taxonomy":"product_tag","embeddable":true,"href":"https:\/\/molidepomeri.com\/en\/wp-json\/wp\/v2\/product_tag?post=596"}],"curies":[{"name":"wp","href":"https:\/\/api.w.org\/{rel}","templated":true}]}}