{"id":606,"date":"2018-05-20T16:32:16","date_gmt":"2018-05-20T16:32:16","guid":{"rendered":"http:\/\/molidepomeri.com\/product\/salsas-base-para-profesionales\/"},"modified":"2018-05-31T14:27:42","modified_gmt":"2018-05-31T14:27:42","slug":"sauces-for-professionals","status":"publish","type":"product","link":"https:\/\/molidepomeri.com\/en\/product\/sauces-for-professionals\/","title":{"rendered":"Sauces For Professionals"},"content":{"rendered":"","protected":false},"excerpt":{"rendered":"<p>ROMESCO, XAT\u00d3, OLIVADA, PESTO, BOLOGNESA and SOFRITO SAUCES For many years, day after day, Mol\u00ed de Pomer\u00ed sauces have been proving themselves to be among the most versatile ingredients for contemporany and traditional cooking. Now, for even more convenience and savings, Mol\u00ed de Pomer\u00ed offers two new 440 ml and 965 ml formats for restaurant professionals. MOL\u00cd DE POMER\u00cd SAUCES: THE BEST FLAVOURS FOR YOUR COOKING.<\/p>\n","protected":false},"featured_media":161,"comment_status":"open","ping_status":"closed","template":"","meta":[],"product_cat":[52,49],"product_tag":[],"_links":{"self":[{"href":"https:\/\/molidepomeri.com\/en\/wp-json\/wp\/v2\/product\/606"}],"collection":[{"href":"https:\/\/molidepomeri.com\/en\/wp-json\/wp\/v2\/product"}],"about":[{"href":"https:\/\/molidepomeri.com\/en\/wp-json\/wp\/v2\/types\/product"}],"replies":[{"embeddable":true,"href":"https:\/\/molidepomeri.com\/en\/wp-json\/wp\/v2\/comments?post=606"}],"wp:featuredmedia":[{"embeddable":true,"href":"https:\/\/molidepomeri.com\/en\/wp-json\/wp\/v2\/media\/161"}],"wp:attachment":[{"href":"https:\/\/molidepomeri.com\/en\/wp-json\/wp\/v2\/media?parent=606"}],"wp:term":[{"taxonomy":"product_cat","embeddable":true,"href":"https:\/\/molidepomeri.com\/en\/wp-json\/wp\/v2\/product_cat?post=606"},{"taxonomy":"product_tag","embeddable":true,"href":"https:\/\/molidepomeri.com\/en\/wp-json\/wp\/v2\/product_tag?post=606"}],"curies":[{"name":"wp","href":"https:\/\/api.w.org\/{rel}","templated":true}]}}